{"id":20,"date":"2026-03-03T19:43:40","date_gmt":"2026-03-03T18:43:40","guid":{"rendered":"https:\/\/ghostwhite-goshawk-331024.hostingersite.com\/?page_id=20"},"modified":"2026-03-09T22:36:21","modified_gmt":"2026-03-09T21:36:21","slug":"inicio","status":"publish","type":"page","link":"https:\/\/eki-center.com\/","title":{"rendered":"Inicio"},"content":{"rendered":"\n<div class=\"wp-block-stackable-columns alignfull stk-block-columns stk-block stk-948158f stk-block-background stk--has-background-overlay\" data-block-id=\"948158f\"><style>.stk-948158f {background-image:url(https:\/\/eki-center.com\/wp-content\/uploads\/2026\/03\/Fondo-3.jpg) !important;min-height:500px !important;align-items:center !important;padding-top:var(--stk--preset--spacing--70, 3.38rem) !important;padding-right:var(--stk--preset--spacing--70, 3.38rem) !important;padding-bottom:var(--stk--preset--spacing--70, 3.38rem) !important;padding-left:var(--stk--preset--spacing--70, 3.38rem) !important;margin-bottom:0px !important;display:flex !important;}.stk-948158f:before{background-color:#000000 !important;opacity:0.5 !important;}.stk-948158f-column{--stk-columns-spacing:var(--stk--preset--spacing--none, 0px) !important;--stk-column-gap:var(--stk--preset--spacing--none, 0px) !important;row-gap:var(--stk--preset--spacing--none, 0px) !important;}<\/style><div class=\"stk-row stk-inner-blocks stk-block-content stk-content-align stk-948158f-column alignfull\">\n<div class=\"wp-block-stackable-column stk-block-column stk-column stk-block stk-2680d0f\" data-v=\"4\" data-block-id=\"2680d0f\"><div class=\"stk-column-wrapper stk-block-column__content stk-container stk-2680d0f-container stk--no-background stk--no-padding\"><div class=\"stk-block-content stk-inner-blocks stk-2680d0f-inner-blocks\">\n<div class=\"wp-block-stackable-heading stk-block-heading stk-block-heading--v2 stk-block stk-3a29701\" id=\"heading-placeholder\" data-block-id=\"3a29701\"><style>.stk-3a29701 {margin-bottom:0px !important;}.stk-3a29701 .stk-block-heading__text{color:#ffffff !important;}<\/style><h2 class=\"stk-block-heading__text has-text-color has-text-align-center\">Equipos de construccion de<\/h2><\/div>\n\n\n\n<div class=\"wp-block-stackable-text stk-block-text stk-block stk-fb8576d\" data-block-id=\"fb8576d\"><style>.stk-fb8576d {margin-bottom:7px !important;}.stk-fb8576d .stk-block-text__text{font-size:var(--stk--preset--font-size--x-large, 50px) !important;color:#ffffff !important;}@media screen and (max-width:999px){.stk-fb8576d .stk-block-text__text{font-size:var(--stk--preset--font-size--x-large, 50px) !important;}}<\/style><p class=\"stk-block-text__text has-text-color has-text-align-center\"><strong>ALTA CALIDAD<\/strong><\/p><\/div>\n\n\n\n<div class=\"wp-block-stackable-subtitle stk-block-subtitle stk-block stk-66bcf7d\" data-block-id=\"66bcf7d\"><style>.stk-66bcf7d .stk-block-subtitle__text{color:#ffffff !important;text-transform:lowercase !important;}<\/style><p class=\"stk-block-subtitle__text stk-subtitle has-text-color has-text-align-center\">venta de maquina para obras de construcci\u00f3n e industrias<\/p><\/div>\n\n\n\n<div class=\"wp-block-stackable-button-group stk-block-button-group stk-block stk-357a0aa\" data-block-id=\"357a0aa\"><div class=\"stk-row stk-inner-blocks has-text-align-center stk-block-content stk-button-group\">\n<div class=\"wp-block-stackable-button stk-block-button stk-block stk-587a21b\" data-block-id=\"587a21b\"><style>.stk-587a21b .stk-button{background:#f4b400 !important;}.stk-587a21b .stk-button__inner-text{color:#111111 !important;}<\/style><a class=\"stk-link stk-button stk--hover-effect-scale\" href=\"\"><span class=\"has-text-color stk-button__inner-text\"><strong>Ver catalogo<\/strong><\/span><\/a><\/div>\n\n\n\n<div class=\"wp-block-stackable-button stk-block-button stk-block stk-90f84d1\" data-block-id=\"90f84d1\"><style>.stk-90f84d1 .stk-button{background:#25d366 !important;}<\/style><a class=\"stk-link stk-button stk--hover-effect-scale\" href=\"\"><span class=\"stk-button__inner-text\"><strong>Cotizar por Whatsapp<\/strong><\/span><\/a><\/div>\n<\/div><\/div>\n<\/div><\/div><\/div>\n<\/div><\/div>\n\n\n\n<div class=\"wp-block-stackable-columns alignfull stk-block-columns stk-block stk-0359e53\" data-block-id=\"0359e53\"><style>.stk-0359e53 {margin-top:var(--stk--preset--spacing--70, 3.38rem) !important;margin-bottom:var(--stk--preset--spacing--70, 3.38rem) !important;}<\/style><div class=\"stk-row stk-inner-blocks stk-block-content stk-content-align stk-0359e53-column alignwide\">\n<div class=\"wp-block-stackable-column stk-block-column stk-column stk-block stk-54508c8\" data-v=\"4\" data-block-id=\"54508c8\"><div class=\"stk-column-wrapper stk-block-column__content stk-container stk-54508c8-container stk--no-background stk--no-padding\"><div class=\"stk-block-content stk-inner-blocks stk-54508c8-inner-blocks\">\n<div class=\"wp-block-stackable-heading stk-block-heading stk-block-heading--v2 stk-block stk-218491a\" id=\"heading-placeholder\" data-block-id=\"218491a\"><h3 class=\"stk-block-heading__text has-text-align-center\">Categoria<\/h3><\/div>\n\n\n\n<div class=\"wp-block-stackable-columns stk-block-columns stk-block stk-20e8b2c\" data-block-id=\"20e8b2c\"><div class=\"stk-row stk-inner-blocks stk-block-content stk-content-align stk-20e8b2c-column\">\n<div class=\"wp-block-stackable-column stk-block-column stk-column stk-block stk-7a4f044\" data-v=\"4\" data-block-id=\"7a4f044\"><div class=\"stk-column-wrapper stk-block-column__content stk-container stk-7a4f044-container stk--no-background stk--no-padding\"><div class=\"stk-block-content stk-inner-blocks stk-7a4f044-inner-blocks\">\n<div class=\"wp-block-stackable-card stk-block-card stk-block stk-6839c35 is-style-default\" data-v=\"2\" data-block-id=\"6839c35\"><style>.stk-6839c35 .stk-block-card__image img{object-position:53% 47% !important;}<\/style><div class=\"stk--no-padding stk-container stk-6839c35-container stk-hover-parent\"><figure class=\"stk-block-card__image stk-img-wrapper stk-image--shape-stretch\"><img loading=\"lazy\" decoding=\"async\" class=\"stk-img wp-image-51\" src=\"https:\/\/eki-center.com\/wp-content\/uploads\/2026\/03\/WhatsApp-Image-2026-03-09-at-10.41.20-AM.jpeg\" width=\"1024\" height=\"1536\" srcset=\"https:\/\/eki-center.com\/wp-content\/uploads\/2026\/03\/WhatsApp-Image-2026-03-09-at-10.41.20-AM.jpeg 1024w, https:\/\/eki-center.com\/wp-content\/uploads\/2026\/03\/WhatsApp-Image-2026-03-09-at-10.41.20-AM-200x300.jpeg 200w, https:\/\/eki-center.com\/wp-content\/uploads\/2026\/03\/WhatsApp-Image-2026-03-09-at-10.41.20-AM-683x1024.jpeg 683w, https:\/\/eki-center.com\/wp-content\/uploads\/2026\/03\/WhatsApp-Image-2026-03-09-at-10.41.20-AM-768x1152.jpeg 768w, https:\/\/eki-center.com\/wp-content\/uploads\/2026\/03\/WhatsApp-Image-2026-03-09-at-10.41.20-AM-600x900.jpeg 600w\" sizes=\"auto, (max-width: 1024px) 100vw, 1024px\" \/><\/figure><div class=\"stk-container-padding stk-block-card__content\"><div class=\"stk-block-content stk-inner-blocks stk-6839c35-inner-blocks\">\n<div class=\"wp-block-stackable-heading stk-block-heading stk-block-heading--v2 stk-block stk-270fb44\" id=\"c-title-1-placeholder\" data-block-id=\"270fb44\"><h3 class=\"stk-block-heading__text\">Mezcladoras<\/h3><\/div>\n\n\n\n<div class=\"wp-block-stackable-text stk-block-text stk-block stk-17cf69d\" data-block-id=\"17cf69d\"><p class=\"stk-block-text__text\">Nuestras mezcladoras est\u00e1n  fabricadas con materiales de alta calidad y tecnolog\u00eda que garantizan una mezcla homog\u00e9nea y consistente, optimizando el tiempo de trabajo y mejorando la productividad.<\/p><\/div>\n\n\n\n<div class=\"wp-block-stackable-button-group stk-block-button-group stk-block stk-00a0113\" data-block-id=\"00a0113\"><div class=\"stk-row stk-inner-blocks stk-block-content stk-button-group\">\n<div class=\"wp-block-stackable-button stk-block-button stk-block stk-819e2ae\" data-block-id=\"819e2ae\"><a class=\"stk-link stk-button stk--hover-effect-darken\" href=\"\"><span class=\"stk-button__inner-text\">Ver Mezcladoras<\/span><\/a><\/div>\n<\/div><\/div>\n<\/div><\/div><\/div><\/div>\n<\/div><\/div><\/div>\n\n\n\n<div class=\"wp-block-stackable-column stk-block-column stk-column stk-block stk-3d1b851\" data-v=\"4\" data-block-id=\"3d1b851\"><div class=\"stk-column-wrapper stk-block-column__content stk-container stk-3d1b851-container stk--no-background stk--no-padding\"><div class=\"stk-block-content stk-inner-blocks stk-3d1b851-inner-blocks\">\n<div class=\"wp-block-stackable-card stk-block-card stk-block stk-b86afcd is-style-default\" data-v=\"2\" data-block-id=\"b86afcd\"><div class=\"stk--no-padding stk-container stk-b86afcd-container stk-hover-parent\"><figure class=\"stk-block-card__image stk-img-wrapper stk-image--shape-stretch\"><img loading=\"lazy\" decoding=\"async\" class=\"stk-img wp-image-5684\" src=\"https:\/\/eki-center.com\/wp-content\/uploads\/2026\/03\/stk-design-library-image-2.jpeg\" width=\"1125\" height=\"750\"\/><\/figure><div class=\"stk-container-padding stk-block-card__content\"><div class=\"stk-block-content stk-inner-blocks stk-b86afcd-inner-blocks\">\n<div class=\"wp-block-stackable-heading stk-block-heading stk-block-heading--v2 stk-block stk-f6c9f01\" id=\"c-title-2-placeholder\" data-block-id=\"f6c9f01\"><h3 class=\"stk-block-heading__text\">Parales<\/h3><\/div>\n\n\n\n<div class=\"wp-block-stackable-text stk-block-text stk-block stk-53a487b\" data-block-id=\"53a487b\"><p class=\"stk-block-text__text\">Benefit from our team&#8217;s extensive knowledge and receive tailored advice to meet your unique challenges.<\/p><\/div>\n\n\n\n<div class=\"wp-block-stackable-button-group stk-block-button-group stk-block stk-5c1ce32\" data-block-id=\"5c1ce32\"><div class=\"stk-row stk-inner-blocks stk-block-content stk-button-group\">\n<div class=\"wp-block-stackable-button stk-block-button stk-block stk-d1ca0ce\" data-block-id=\"d1ca0ce\"><a class=\"stk-link stk-button stk--hover-effect-darken\" href=\"\"><span class=\"stk-button__inner-text\">Ver Parales<\/span><\/a><\/div>\n<\/div><\/div>\n<\/div><\/div><\/div><\/div>\n<\/div><\/div><\/div>\n\n\n\n<div class=\"wp-block-stackable-column stk-block-column stk-column stk-block stk-ae396bf\" data-v=\"4\" data-block-id=\"ae396bf\"><div class=\"stk-column-wrapper stk-block-column__content stk-container stk-ae396bf-container stk--no-background stk--no-padding\"><div class=\"stk-block-content stk-inner-blocks stk-ae396bf-inner-blocks\">\n<div class=\"wp-block-stackable-card stk-block-card stk-block stk-fa3b446 is-style-default\" data-v=\"2\" data-block-id=\"fa3b446\"><div class=\"stk--no-padding stk-container stk-fa3b446-container stk-hover-parent\"><figure class=\"stk-block-card__image stk-img-wrapper stk-image--shape-stretch\"><img loading=\"lazy\" decoding=\"async\" class=\"stk-img wp-image-5685\" src=\"https:\/\/eki-center.com\/wp-content\/uploads\/2026\/03\/stk-design-library-image-3.jpeg\" width=\"1124\" height=\"750\"\/><\/figure><div class=\"stk-container-padding stk-block-card__content\"><div class=\"stk-block-content stk-inner-blocks stk-fa3b446-inner-blocks\">\n<div class=\"wp-block-stackable-heading stk-block-heading stk-block-heading--v2 stk-block stk-e8ee1d6\" id=\"c-title-3-placeholder\" data-block-id=\"e8ee1d6\"><h3 class=\"stk-block-heading__text\">Motores<\/h3><\/div>\n\n\n\n<div class=\"wp-block-stackable-text stk-block-text stk-block stk-97ef3a7\" data-block-id=\"97ef3a7\"><p class=\"stk-block-text__text\">Our products are designed for easy integration, ensuring a smooth transition and immediate productivity.<\/p><\/div>\n\n\n\n<div class=\"wp-block-stackable-button-group stk-block-button-group stk-block stk-2777e12\" data-block-id=\"2777e12\"><div class=\"stk-row stk-inner-blocks stk-block-content stk-button-group\">\n<div class=\"wp-block-stackable-button stk-block-button stk-block stk-80f7c30\" data-block-id=\"80f7c30\"><a class=\"stk-link stk-button stk--hover-effect-darken\" href=\"\"><span class=\"stk-button__inner-text\">Ver Motores<\/span><\/a><\/div>\n<\/div><\/div>\n<\/div><\/div><\/div><\/div>\n<\/div><\/div><\/div>\n<\/div><\/div>\n<\/div><\/div><\/div>\n<\/div><\/div>\n\n\n","protected":false},"excerpt":{"rendered":"<p>Equipos de construccion de ALTA CALIDAD venta de maquina para obras de construcci\u00f3n e industrias Ver catalogo Cotizar por Whatsapp Categoria Mezcladoras Nuestras mezcladoras est\u00e1n fabricadas con materiales de alta calidad y tecnolog\u00eda que garantizan una mezcla homog\u00e9nea y consistente, optimizando el tiempo de trabajo y mejorando la productividad. Ver Mezcladoras Parales Benefit from our [&hellip;]<\/p>\n","protected":false},"author":1,"featured_media":0,"parent":0,"menu_order":0,"comment_status":"closed","ping_status":"closed","template":"","meta":{"footnotes":""},"class_list":["post-20","page","type-page","status-publish","hentry"],"blocksy_meta":[],"_hostinger_reach_plugin_has_subscription_block":false,"_hostinger_reach_plugin_is_elementor":false,"_links":{"self":[{"href":"https:\/\/eki-center.com\/index.php\/wp-json\/wp\/v2\/pages\/20","targetHints":{"allow":["GET"]}}],"collection":[{"href":"https:\/\/eki-center.com\/index.php\/wp-json\/wp\/v2\/pages"}],"about":[{"href":"https:\/\/eki-center.com\/index.php\/wp-json\/wp\/v2\/types\/page"}],"author":[{"embeddable":true,"href":"https:\/\/eki-center.com\/index.php\/wp-json\/wp\/v2\/users\/1"}],"replies":[{"embeddable":true,"href":"https:\/\/eki-center.com\/index.php\/wp-json\/wp\/v2\/comments?post=20"}],"version-history":[{"count":9,"href":"https:\/\/eki-center.com\/index.php\/wp-json\/wp\/v2\/pages\/20\/revisions"}],"predecessor-version":[{"id":52,"href":"https:\/\/eki-center.com\/index.php\/wp-json\/wp\/v2\/pages\/20\/revisions\/52"}],"wp:attachment":[{"href":"https:\/\/eki-center.com\/index.php\/wp-json\/wp\/v2\/media?parent=20"}],"curies":[{"name":"wp","href":"https:\/\/api.w.org\/{rel}","templated":true}]}}