{"id":105,"date":"2026-04-07T14:45:21","date_gmt":"2026-04-07T12:45:21","guid":{"rendered":"https:\/\/eki-center.com\/?post_type=product&#038;p=105"},"modified":"2026-04-07T18:05:06","modified_gmt":"2026-04-07T16:05:06","slug":"mezcladora-de-concreto-1-bulto","status":"publish","type":"product","link":"https:\/\/eki-center.com\/index.php\/product\/mezcladora-de-concreto-1-bulto\/","title":{"rendered":"Mezcladora de concreto 1 Bulto"},"content":{"rendered":"<p data-start=\"171\" data-end=\"455\">Mezcladora de concreto tipo pesado, dise\u00f1ada para ofrecer alto rendimiento y larga vida \u00fatil en trabajos exigentes. Opera mediante un sistema de poleas y correas que permite reducir las revoluciones por minuto, optimizando el desempe\u00f1o y prolongando la durabilidad de sus componentes.<\/p>\n<p data-start=\"457\" data-end=\"655\">Cuenta con un sistema de transmisi\u00f3n robusto compuesto por catalina y cremallera de diente interno en acero, libres de mantenimiento, lo que garantiza mayor confiabilidad y menor desgaste operativo.<\/p>\n<p data-start=\"657\" data-end=\"828\">Su dise\u00f1o incorpora una boca de menor di\u00e1metro en el cono, lo que mejora la retenci\u00f3n del material durante la mezcla, incrementando la productividad y reduciendo p\u00e9rdidas.<\/p>\n<p data-start=\"830\" data-end=\"1075\">Fabricada con componentes en hierro fundido de alta resistencia, esta mezcladora es ideal para aplicaciones de trabajo pesado, ofreciendo una estructura s\u00f3lida, eficiente y de f\u00e1cil acceso a sus mecanismos internos para mantenimiento y revisi\u00f3n.<\/p>\n","protected":false},"excerpt":{"rendered":"<p>&nbsp;<\/p>\n<table width=\"451\">\n<tbody>\n<tr>\n<td style=\"text-align: center;\" colspan=\"2\" width=\"451\">\n<h3><strong>Ficha T\u00e9cnica<\/strong><\/h3>\n<\/td>\n<\/tr>\n<tr>\n<td width=\"195\"><strong>Especificaci\u00f3n<\/strong><\/td>\n<td width=\"256\"><strong>Detalle<\/strong><\/td>\n<\/tr>\n<tr data-start=\"330\" data-end=\"430\">\n<td width=\"195\" data-start=\"330\" data-end=\"357\" data-col-size=\"sm\"><strong>Material de fabricaci\u00f3n<\/strong><\/td>\n<td width=\"256\" data-col-size=\"md\" data-start=\"357\" data-end=\"430\">L\u00e1mina reforzada con tratamiento antidesgaste (calibres 3\/16&#8243; y 1\/8&#8243;)<\/td>\n<\/tr>\n<tr data-start=\"431\" data-end=\"487\">\n<td width=\"195\" data-start=\"431\" data-end=\"458\" data-col-size=\"sm\"><strong>Sistema de giro<\/strong><\/td>\n<td width=\"256\" data-col-size=\"md\" data-start=\"458\" data-end=\"487\">Rotaci\u00f3n completa de 360\u00b0<\/td>\n<\/tr>\n<tr data-start=\"488\" data-end=\"554\">\n<td width=\"195\" data-start=\"488\" data-end=\"515\" data-col-size=\"sm\"><strong>Mecanismo de seguridad<\/strong><\/td>\n<td width=\"256\" data-col-size=\"md\" data-start=\"515\" data-end=\"554\">Sistema de freno de f\u00e1cil operaci\u00f3n<\/td>\n<\/tr>\n<tr data-start=\"555\" data-end=\"638\">\n<td width=\"195\" data-start=\"555\" data-end=\"582\" data-col-size=\"sm\"><strong>Estructura (chasis)<\/strong><\/td>\n<td width=\"256\" data-col-size=\"md\" data-start=\"582\" data-end=\"638\">Fabricado en perfil U de 3&#8243; con base para transporte<\/td>\n<\/tr>\n<tr data-start=\"639\" data-end=\"684\">\n<td width=\"195\" data-start=\"639\" data-end=\"666\" data-col-size=\"sm\"><strong>Ruedas<\/strong><\/td>\n<td width=\"256\" data-col-size=\"md\" data-start=\"666\" data-end=\"684\">Llantas rin 13<\/td>\n<\/tr>\n<tr data-start=\"685\" data-end=\"748\">\n<td width=\"195\" data-start=\"685\" data-end=\"712\" data-col-size=\"sm\"><strong>Sistema de engranaje<\/strong><\/td>\n<td width=\"256\" data-col-size=\"md\" data-start=\"712\" data-end=\"748\">Cremallera en acero reemplazable<\/td>\n<\/tr>\n<tr data-start=\"749\" data-end=\"806\">\n<td width=\"195\" data-start=\"749\" data-end=\"776\" data-col-size=\"sm\"><strong>Peso del equipo<\/strong><\/td>\n<td width=\"256\" data-col-size=\"md\" data-start=\"776\" data-end=\"806\">190 kg (sin incluir motor)<\/td>\n<\/tr>\n<tr data-start=\"807\" data-end=\"869\">\n<td width=\"195\" data-start=\"807\" data-end=\"834\" data-col-size=\"sm\"><strong>Rodamientos<\/strong><\/td>\n<td width=\"256\" data-col-size=\"md\" data-start=\"834\" data-end=\"869\">Componentes de alta durabilidad<\/td>\n<\/tr>\n<tr data-start=\"870\" data-end=\"945\">\n<td width=\"195\" data-start=\"870\" data-end=\"897\" data-col-size=\"sm\"><strong>Dimensiones<\/strong><\/td>\n<td width=\"256\" data-col-size=\"md\" data-start=\"897\" data-end=\"945\">1,79 m (largo) x 1 m (ancho) x 1,39 m (alto)<\/td>\n<\/tr>\n<tr data-start=\"946\" data-end=\"987\">\n<td width=\"195\" data-start=\"946\" data-end=\"973\" data-col-size=\"sm\"><strong>Capacidad m\u00e1xima<\/strong><\/td>\n<td width=\"256\" data-col-size=\"md\" data-start=\"973\" data-end=\"987\">250 litros<\/td>\n<\/tr>\n<tr data-start=\"988\" data-end=\"1048\">\n<td width=\"195\" data-start=\"988\" data-end=\"1015\" data-col-size=\"sm\"><strong>Rendimiento de mezcla<\/strong><\/td>\n<td width=\"256\" data-col-size=\"md\" data-start=\"1015\" data-end=\"1048\">Entre 7,5 y 9 bultos por hora<\/td>\n<\/tr>\n<tr data-start=\"1049\" data-end=\"1128\">\n<td width=\"195\" data-start=\"1049\" data-end=\"1076\" data-col-size=\"sm\"><strong>Soporte y repuestos<\/strong><\/td>\n<td width=\"256\" data-col-size=\"md\" data-start=\"1076\" data-end=\"1128\">Disponibilidad permanente de piezas y accesorios<\/td>\n<\/tr>\n<\/tbody>\n<\/table>\n","protected":false},"featured_media":118,"comment_status":"open","ping_status":"closed","template":"","meta":[],"product_brand":[20],"product_cat":[19],"product_tag":[],"class_list":{"0":"post-105","1":"product","2":"type-product","3":"status-publish","4":"has-post-thumbnail","6":"product_brand-ekicenter","7":"product_cat-mezcladoras","9":"first","10":"instock","11":"shipping-taxable","12":"purchasable","13":"product-type-variable"},"_links":{"self":[{"href":"https:\/\/eki-center.com\/index.php\/wp-json\/wp\/v2\/product\/105","targetHints":{"allow":["GET"]}}],"collection":[{"href":"https:\/\/eki-center.com\/index.php\/wp-json\/wp\/v2\/product"}],"about":[{"href":"https:\/\/eki-center.com\/index.php\/wp-json\/wp\/v2\/types\/product"}],"replies":[{"embeddable":true,"href":"https:\/\/eki-center.com\/index.php\/wp-json\/wp\/v2\/comments?post=105"}],"wp:featuredmedia":[{"embeddable":true,"href":"https:\/\/eki-center.com\/index.php\/wp-json\/wp\/v2\/media\/118"}],"wp:attachment":[{"href":"https:\/\/eki-center.com\/index.php\/wp-json\/wp\/v2\/media?parent=105"}],"wp:term":[{"taxonomy":"product_brand","embeddable":true,"href":"https:\/\/eki-center.com\/index.php\/wp-json\/wp\/v2\/product_brand?post=105"},{"taxonomy":"product_cat","embeddable":true,"href":"https:\/\/eki-center.com\/index.php\/wp-json\/wp\/v2\/product_cat?post=105"},{"taxonomy":"product_tag","embeddable":true,"href":"https:\/\/eki-center.com\/index.php\/wp-json\/wp\/v2\/product_tag?post=105"}],"curies":[{"name":"wp","href":"https:\/\/api.w.org\/{rel}","templated":true}]}}